{"id":27,"date":"2025-01-09T19:19:35","date_gmt":"2025-01-09T22:19:35","guid":{"rendered":"https:\/\/mathamsud-xpand.cmm.uchile.cl\/?page_id=27"},"modified":"2025-08-15T14:18:02","modified_gmt":"2025-08-15T18:18:02","slug":"proyect","status":"publish","type":"page","link":"https:\/\/mathamsud-xpand.cmm.uchile.cl\/","title":{"rendered":"Xpand"},"content":{"rendered":"\n<p>The <strong>MATHAMSUD240026<\/strong> is a collaborative research project between researchers from Brazil, Chile, France and Per\u00fa.  <\/p>\n\n\n\n<p>This project aims to develop an extensive joint research program focused on the concept of\u202c \u202dexpansivity in dynamical systems. This program encompasses multiple lines of research, including\u202c \u202dthe expansivity of discrete groups (such as\u202c \u202dor\u202c\u202d), of flows and their geometry, and actions of\u202c \u202dgeneral groups. We aim to explore and develop applications in the study of topological dynamics,\u202c \u202dtheoretical computer science and combinatorics, thermodynamic formalism and number theory.\u202c\u202d Additionally, a crucial goal is to establish a robust and interconnected research network for\u202c \u202ddynamical systems throughout Latin America, promoting new collaborations across Latin\u202c \u202dAmerican institutions, while simultaneously strengthening collaborations with France. This\u202c \u202dnetwork will foster exchange opportunities for PhD students, Master&#8217;s students, postdocs, and\u202c \u202dearly-career researchers, developing research lines and long-term collaborations among the group\u202c \u202dmembers.<\/p>\n\n\n\n<h2 class=\"wp-block-heading\">Research team <\/h2>\n\n\n\n<p class=\"has-medium-font-size\"><strong>Brazil<\/strong><\/p>\n\n\n\n<p><strong>Eduardo Garibaldi, UNICAMP (Brazilian coordinator)<br><\/strong>\u202dAli Messaoudi\u202c, UNESP<br>\u202dJo\u00e3o Tiago Assun\u00e7\u00e3o Gomes, UFRB<br>\u202dMarcelo Sobottka\u202c, UFSC<br>\u202dCleber Colle Fernando\u202c, U. Federal do ABC<br>\u202dMilton Cobo, \u202dUFES\u202c<br>\u202dTatiana Miguel Rodrigues\u202c\u202c, \u202dUNESP\u202c<br><\/p>\n\n\n\n<p class=\"has-medium-font-size\"><strong>Chile<\/strong><\/p>\n\n\n\n<p><strong>\u202dSebasti\u00e1n Donoso\u202c, UCH (International and Chilean coordinator)<\/strong><br>\u202dSebasti\u00e1n Barbieri\u202c, USACH<br>Mar\u00eda Isabel Cortez\u202c, PUC<br>\u202dAnah\u00ed Gajardo\u202c, UdeC<br>\u202dIrene Inoquio\u202c, ULS<strong><br><\/strong>\u202dAlejandro Maass\u202c, UCH<br>\u202dV\u00edctor Sirvent\u202c, UCN<br><\/p>\n\n\n\n<p class=\"has-medium-font-size\"><strong>France<\/strong><\/p>\n\n\n\n<p><strong>\u202dSamuel Petite\u202c, UPJV (French coordinator)<\/strong><br>\u202dFabien Durand\u202c, UPJV<br>\u202dPhilippe Thieullen\u202c, UB<br>\u202dNathalie Aubrun\u202c, UPSaclay<br>\u202dMathieu Sablik\u202c, Universit\u00e9 Paul Sabatier<br>\u202dPierre Guillon\u202c, \u202dUAM\u202c<br>\u202dS\u00e9bastien Labb\u00e9\u202c, UB<br><\/p>\n\n\n\n<p class=\"has-medium-font-size\"><strong>Per\u00fa<\/strong><\/p>\n\n\n\n<p>\u202dHelmuth Villavicencio\u202c, UNI<strong> (Peruvian coordinator)<\/strong><br>\u202dRoger Metzger\u202c, UNI<br>\u202dHarold Rojas Aguilar\u202c<\/p>\n\n\n\n<p><\/p>\n","protected":false},"excerpt":{"rendered":"<p>The MATHAMSUD240026 is a collaborative research project between researchers from Brazil, Chile, France and Per\u00fa. This project aims to develop an extensive joint research program focused on the concept of\u202c \u202dexpansivity in dynamical systems. This program encompasses multiple lines of research, including\u202c \u202dthe expansivity of discrete groups (such as\u202c \u202dor\u202c\u202d), of flows and their geometry, &hellip; <a href=\"https:\/\/mathamsud-xpand.cmm.uchile.cl\/\" class=\"more-link\">Seguir leyendo <span class=\"screen-reader-text\">Xpand<\/span> <span class=\"meta-nav\">&rarr;<\/span><\/a><\/p>\n","protected":false},"author":6,"featured_media":0,"parent":0,"menu_order":0,"comment_status":"closed","ping_status":"closed","template":"","meta":{"inline_featured_image":false,"footnotes":""},"class_list":["post-27","page","type-page","status-publish","hentry"],"_links":{"self":[{"href":"https:\/\/mathamsud-xpand.cmm.uchile.cl\/index.php?rest_route=\/wp\/v2\/pages\/27","targetHints":{"allow":["GET"]}}],"collection":[{"href":"https:\/\/mathamsud-xpand.cmm.uchile.cl\/index.php?rest_route=\/wp\/v2\/pages"}],"about":[{"href":"https:\/\/mathamsud-xpand.cmm.uchile.cl\/index.php?rest_route=\/wp\/v2\/types\/page"}],"author":[{"embeddable":true,"href":"https:\/\/mathamsud-xpand.cmm.uchile.cl\/index.php?rest_route=\/wp\/v2\/users\/6"}],"replies":[{"embeddable":true,"href":"https:\/\/mathamsud-xpand.cmm.uchile.cl\/index.php?rest_route=%2Fwp%2Fv2%2Fcomments&post=27"}],"version-history":[{"count":6,"href":"https:\/\/mathamsud-xpand.cmm.uchile.cl\/index.php?rest_route=\/wp\/v2\/pages\/27\/revisions"}],"predecessor-version":[{"id":109,"href":"https:\/\/mathamsud-xpand.cmm.uchile.cl\/index.php?rest_route=\/wp\/v2\/pages\/27\/revisions\/109"}],"wp:attachment":[{"href":"https:\/\/mathamsud-xpand.cmm.uchile.cl\/index.php?rest_route=%2Fwp%2Fv2%2Fmedia&parent=27"}],"curies":[{"name":"wp","href":"https:\/\/api.w.org\/{rel}","templated":true}]}}